{"id":27573,"date":"2023-11-10T17:46:40","date_gmt":"2023-11-10T16:46:40","guid":{"rendered":"https:\/\/zentralregister.eu\/extrait-chronologique-du-registre-du-commerce\/"},"modified":"2025-08-04T16:24:04","modified_gmt":"2025-08-04T14:24:04","slug":"extrait-chronologique-du-registre-du-commerce","status":"publish","type":"page","link":"https:\/\/zentralregister.eu\/fr\/extrait-chronologique-du-registre-du-commerce\/","title":{"rendered":"Extrait chronologique du registre du commerce d&rsquo;Allemagne"},"content":{"rendered":"\n<div class=\"wp-block-uagb-container uagb-block-781d0069 alignfull uagb-is-root-container\"><div class=\"uagb-container-inner-blocks-wrap\">\n<div class=\"wp-block-uagb-advanced-heading uagb-block-b431268e\"><h1 class=\"uagb-heading-text\">Extrait chronologique du registre du commerce d&rsquo;Allemagne<\/h1><p class=\"uagb-desc-text\">Ici, vous pouvez demander en ligne, de mani\u00e8re s\u00fbre, rapide et pratique, votre extrait chronologique du registre du commerce.<\/p><\/div>\n\n\n\n<div class=\"wp-block-stackable-button-group stk-block-button-group stk-block stk-703c564\" data-block-id=\"703c564\"><div class=\"stk-row stk-inner-blocks has-text-align-center stk-block-content stk-button-group\">\n<div class=\"wp-block-stackable-button stk-block-button has-text-align-center is-style-ghost stk-block stk-c8bf25d\" data-block-id=\"c8bf25d\"><style>.stk-c8bf25d .stk-button{background:transparent !important;border-top-left-radius:5px !important;border-top-right-radius:5px !important;border-bottom-right-radius:5px !important;border-bottom-left-radius:5px !important}.stk-c8bf25d .stk-button:hover:after{background:transparent !important;opacity:1 !important}:where(.stk-hover-parent:hover,.stk-hover-parent.stk--is-hovered) .stk-c8bf25d .stk-button:after{background:transparent !important;opacity:1 !important}.stk-c8bf25d .stk-button:before{border-style:solid !important;border-color:var(--ast-global-color-7) !important}.stk-c8bf25d .stk-button__inner-text{color:var(--ast-global-color-7) !important}<\/style><a class=\"stk-link stk-button stk--hover-effect-darken\" href=\"https:\/\/zentralregister.eu\/fr\/extrait-du-registre-du-commerce\/\" title=\"Demander un extrait actuel du registre du commerce en ligne\"><span class=\"has-text-color stk-button__inner-text\">Demander un extrait du registre du commerce<\/span><\/a><\/div>\n<\/div><\/div>\n<\/div><\/div>\n<div id=\"app\"><\/div>\r\n\n\n<div class=\"wp-block-uagb-container uagb-block-f429424d alignfull uagb-is-root-container\"><div class=\"uagb-container-inner-blocks-wrap\">\n<div class=\"wp-block-uagb-advanced-heading uagb-block-346c0397\"><h2 class=\"uagb-heading-text\">Questions et r\u00e9ponses<\/h2><p class=\"uagb-desc-text\">Nous r\u00e9pondons ici \u00e0 toutes les questions concernant l&rsquo;extrait chronologique du registre du commerce. Qu&rsquo;est-ce qu&rsquo;un extrait chronologique du registre du commerce et \u00e0 quoi sert-il ? O\u00f9 peut-on en faire la demande et combien co\u00fbte un extrait du registre du commerce ? Peut-on en faire la demande en ligne ou uniquement par courrier ?<\/p><\/div>\n\n\n\n<div class=\"wp-block-uagb-container uagb-block-451622b8 alignfull uagb-is-root-container\"><div class=\"uagb-container-inner-blocks-wrap\">\n<div class=\"wp-block-uagb-container uagb-block-4a695ff3\"><div class=\"wp-block-uagb-faq uagb-faq__outer-wrap uagb-block-85eea3e9 uagb-faq-icon-row-reverse uagb-faq-layout-accordion uagb-faq-expand-first-false uagb-faq-inactive-other-true uagb-faq__wrap uagb-buttons-layout-wrap uagb-faq-equal-height     \" data-faqtoggle=\"true\" role=\"tablist\"><div class=\"wp-block-uagb-faq-child uagb-faq-child__outer-wrap uagb-faq-item uagb-block-9b1f25eb \" role=\"tab\" tabindex=\"0\"><div class=\"uagb-faq-questions-button uagb-faq-questions\">\t\t\t<span class=\"uagb-icon uagb-faq-icon-wrap\">\n\t\t\t\t\t\t\t\t<svg xmlns=\"https:\/\/www.w3.org\/2000\/svg\" viewBox= \"0 0 256 512\"><path d=\"M118.6 105.4l128 127.1C252.9 239.6 256 247.8 256 255.1s-3.125 16.38-9.375 22.63l-128 127.1c-9.156 9.156-22.91 11.9-34.88 6.943S64 396.9 64 383.1V128c0-12.94 7.781-24.62 19.75-29.58S109.5 96.23 118.6 105.4z\"><\/path><\/svg>\n\t\t\t\t\t\t\t<\/span>\n\t\t\t\t\t\t<span class=\"uagb-icon-active uagb-faq-icon-wrap\">\n\t\t\t\t\t\t\t\t<svg xmlns=\"https:\/\/www.w3.org\/2000\/svg\" viewBox= \"0 0 320 512\"><path d=\"M310.6 246.6l-127.1 128C176.4 380.9 168.2 384 160 384s-16.38-3.125-22.63-9.375l-127.1-128C.2244 237.5-2.516 223.7 2.438 211.8S19.07 192 32 192h255.1c12.94 0 24.62 7.781 29.58 19.75S319.8 237.5 310.6 246.6z\"><\/path><\/svg>\n\t\t\t\t\t\t\t<\/span>\n\t\t\t<h3 class=\"uagb-question\">Qu&rsquo;est-ce qu&rsquo;un extrait chronologique du registre du commerce ?<\/h3><\/div><div class=\"uagb-faq-content\"><p>Un extrait chronologique du registre du commerce est une forme sp\u00e9ciale d&rsquo;extrait du registre du commerce qui documente chronologiquement l&rsquo;\u00e9volution et les modifications d&rsquo;une soci\u00e9t\u00e9 ou d&rsquo;une entreprise inscrite au registre du commerce au fil du temps. Contrairement \u00e0 un extrait unique et r\u00e9cent du registre du commerce, qui offre un aper\u00e7u actuel des donn\u00e9es de l&rsquo;entreprise, l&rsquo;extrait chronologique pr\u00e9sente un historique des inscriptions et des \u00e9v\u00e9nements. Typiquement, un extrait chronologique du registre du commerce comprend des informations telles que :<br><br><strong>1. la date d&rsquo;inscription :<\/strong> Chaque inscription dans l&rsquo;extrait chronologique est assortie d&rsquo;une date sp\u00e9cifique indiquant la date d&rsquo;inscription correspondante au registre du commerce.<br><strong>2) le type d&rsquo;enregistrement :<\/strong> Il est document\u00e9 quel type de modification ou d&rsquo;\u00e9v\u00e9nement a conduit \u00e0 l&rsquo;inscription en question. Il peut s&rsquo;agir par exemple de la cr\u00e9ation de l&rsquo;entreprise, d&rsquo;un changement de nom, d&rsquo;une augmentation de capital, de changements dans la direction ou d&rsquo;autres \u00e9v\u00e9nements pertinents.<br><strong>3. d\u00e9tails du contenu :<\/strong> l&rsquo;entr\u00e9e elle-m\u00eame contient les d\u00e9tails exacts de la modification ou de l&rsquo;\u00e9v\u00e9nement. Par exemple, lors d&rsquo;une augmentation de capital, les nouveaux montants du capital et la r\u00e9partition des parts peuvent \u00eatre document\u00e9s.<\/p><\/div><\/div><div class=\"wp-block-uagb-faq-child uagb-faq-child__outer-wrap uagb-faq-item uagb-block-38c3fbc2 \" role=\"tab\" tabindex=\"0\"><div class=\"uagb-faq-questions-button uagb-faq-questions\">\t\t\t<span class=\"uagb-icon uagb-faq-icon-wrap\">\n\t\t\t\t\t\t\t\t<svg xmlns=\"https:\/\/www.w3.org\/2000\/svg\" viewBox= \"0 0 256 512\"><path d=\"M118.6 105.4l128 127.1C252.9 239.6 256 247.8 256 255.1s-3.125 16.38-9.375 22.63l-128 127.1c-9.156 9.156-22.91 11.9-34.88 6.943S64 396.9 64 383.1V128c0-12.94 7.781-24.62 19.75-29.58S109.5 96.23 118.6 105.4z\"><\/path><\/svg>\n\t\t\t\t\t\t\t<\/span>\n\t\t\t\t\t\t<span class=\"uagb-icon-active uagb-faq-icon-wrap\">\n\t\t\t\t\t\t\t\t<svg xmlns=\"https:\/\/www.w3.org\/2000\/svg\" viewBox= \"0 0 320 512\"><path d=\"M310.6 246.6l-127.1 128C176.4 380.9 168.2 384 160 384s-16.38-3.125-22.63-9.375l-127.1-128C.2244 237.5-2.516 223.7 2.438 211.8S19.07 192 32 192h255.1c12.94 0 24.62 7.781 29.58 19.75S319.8 237.5 310.6 246.6z\"><\/path><\/svg>\n\t\t\t\t\t\t\t<\/span>\n\t\t\t<h3 class=\"uagb-question\">Pour quoi a-t-on besoin d&rsquo;un extrait chronologique du registre du commerce ?<\/h3><\/div><div class=\"uagb-faq-content\"><p>Un extrait chronologique du registre du commerce est souvent utilis\u00e9 \u00e0 diff\u00e9rentes fins, notamment :<br><br><strong>1) Due diligence :<\/strong> dans le cadre de v\u00e9rifications de due diligence li\u00e9es \u00e0 des rachats d&rsquo;entreprises ou \u00e0 des fusions, un extrait chronologique est utile pour comprendre l&rsquo;historique d&rsquo;une entreprise et identifier les risques ou changements potentiels.<br><strong>2. recherche historique :<\/strong> les extraits historiques du registre du commerce sont parfois n\u00e9cessaires pour effectuer des recherches historiques ou pour retracer l&rsquo;\u00e9volution d&rsquo;une entreprise au fil du temps.<br><strong>3. les affaires juridiques :<\/strong> En cas de litige juridique ou de proc\u00e9dure judiciaire, les extraits chronologiques peuvent servir de preuve pour documenter les changements et les \u00e9v\u00e9nements li\u00e9s \u00e0 une entreprise.<br><br>Il est important de noter que la disponibilit\u00e9 et l&rsquo;acc\u00e8s aux extraits chronologiques du registre du commerce peuvent varier en fonction des lois et r\u00e9glementations du pays concern\u00e9.<\/p><\/div><\/div><div class=\"wp-block-uagb-faq-child uagb-faq-child__outer-wrap uagb-faq-item uagb-block-7b01ceeb \" role=\"tab\" tabindex=\"0\"><div class=\"uagb-faq-questions-button uagb-faq-questions\">\t\t\t<span class=\"uagb-icon uagb-faq-icon-wrap\">\n\t\t\t\t\t\t\t\t<svg xmlns=\"https:\/\/www.w3.org\/2000\/svg\" viewBox= \"0 0 256 512\"><path d=\"M118.6 105.4l128 127.1C252.9 239.6 256 247.8 256 255.1s-3.125 16.38-9.375 22.63l-128 127.1c-9.156 9.156-22.91 11.9-34.88 6.943S64 396.9 64 383.1V128c0-12.94 7.781-24.62 19.75-29.58S109.5 96.23 118.6 105.4z\"><\/path><\/svg>\n\t\t\t\t\t\t\t<\/span>\n\t\t\t\t\t\t<span class=\"uagb-icon-active uagb-faq-icon-wrap\">\n\t\t\t\t\t\t\t\t<svg xmlns=\"https:\/\/www.w3.org\/2000\/svg\" viewBox= \"0 0 320 512\"><path d=\"M310.6 246.6l-127.1 128C176.4 380.9 168.2 384 160 384s-16.38-3.125-22.63-9.375l-127.1-128C.2244 237.5-2.516 223.7 2.438 211.8S19.07 192 32 192h255.1c12.94 0 24.62 7.781 29.58 19.75S319.8 237.5 310.6 246.6z\"><\/path><\/svg>\n\t\t\t\t\t\t\t<\/span>\n\t\t\t<h3 class=\"uagb-question\">Quelle est la diff\u00e9rence entre un extrait actuel, un extrait chronologique et un extrait historique du registre du commerce ?<\/h3><\/div><div class=\"uagb-faq-content\"><p>Les termes \u00ab\u00a0extrait chronologique du registre du commerce\u00a0\u00bb, \u00ab\u00a0extrait actuel du registre du commerce\u00a0\u00bb et \u00ab\u00a0extrait historique du registre du commerce\u00a0\u00bb font r\u00e9f\u00e9rence \u00e0 diff\u00e9rents types d&rsquo;extraits du registre du commerce qui fournissent diff\u00e9rentes informations sur une entreprise \u00e0 diff\u00e9rents moments. Voici les diff\u00e9rences fondamentales :<br><br><strong>1) Extrait chronologique du registre du commerce :<\/strong><br><strong>Historique de la p\u00e9riode :<\/strong> Fournit des informations sur diff\u00e9rents moments de l&rsquo;histoire de l&rsquo;entreprise, class\u00e9s selon une progression chronologique.<br><strong>Contenu :<\/strong> Contient un historique des extraits du registre du commerce qui documentent le d\u00e9veloppement de l&rsquo;entreprise au fil du temps. Chaque entr\u00e9e de l&rsquo;extrait chronologique correspond \u00e0 un moment pr\u00e9cis.<br><strong>Usage pr\u00e9vu :<\/strong> utilis\u00e9 pour suivre l&rsquo;\u00e9volution, les changements et les \u00e9tapes cl\u00e9s d&rsquo;une entreprise dans le temps, par exemple dans le cadre de recherches ou de contr\u00f4les de diligence raisonnable.<br><br><strong>2. <a href=\"https:\/\/zentralregister.eu\/fr\/extrait-actuel-du-registre-du-commerce\/\">un extrait r\u00e9cent du registre du commerce<\/a><\/strong><br><strong>Moment :<\/strong> contient des informations actuelles sur une entreprise au moment de la demande.<br><strong>Contenu :<\/strong> Donne un aper\u00e7u des donn\u00e9es actuelles et r\u00e9centes de l&rsquo;entreprise, y compris l&rsquo;extrait actuel du registre du commerce disponible au moment de la demande.<br><strong>Usage pr\u00e9vu :<\/strong> souvent utilis\u00e9 pour les transactions commerciales en cours, la r\u00e9daction de contrats et autres exigences commerciales ou juridiques actuelles.<br><br><strong>3. <a href=\"https:\/\/zentralregister.eu\/fr\/extrait-historique-du-registre-du-commerce\/\">extrait historique du registre du commerce<\/a>:<\/strong><br><strong>Moment :<\/strong> fournit des informations sur des p\u00e9riodes pass\u00e9es ou des moments sp\u00e9cifiques dans le pass\u00e9.<br><strong>Contenu :<\/strong> Donne un aper\u00e7u des donn\u00e9es du registre du commerce d&rsquo;une entreprise \u00e0 des moments historiques sp\u00e9cifiques. Peut documenter les changements de structure, de gestion ou de propri\u00e9t\u00e9.<br><strong>Usage pr\u00e9vu :<\/strong> souvent utilis\u00e9 dans des contextes juridiques, des recherches historiques ou pour retracer l&rsquo;historique d&rsquo;une entreprise.<br><br>Dans la pratique, la disponibilit\u00e9 et la nature de ces extraits peuvent varier en fonction des lois et r\u00e9glementations de chaque pays. Les diff\u00e9rences exactes entre les extraits peuvent \u00e9galement d\u00e9pendre de la mani\u00e8re dont les registres du commerce sont organis\u00e9s dans un pays donn\u00e9 et des types d&rsquo;informations qu&rsquo;ils publient.<\/p><\/div><\/div><\/div><\/div>\n<\/div><\/div>\n<\/div><\/div>\n","protected":false},"excerpt":{"rendered":"<p>Extrait chronologique du registre du commerce d&rsquo;Allemagne Ici, vous pouvez demander en ligne, de mani\u00e8re s\u00fbre, rapide et pratique, votre extrait chronologique du registre du commerce. Demander un extrait du registre du commerce Questions et r\u00e9ponses Nous r\u00e9pondons ici \u00e0 toutes les questions concernant l&rsquo;extrait chronologique du registre du commerce. Qu&rsquo;est-ce qu&rsquo;un extrait chronologique du [&hellip;]<\/p>\n","protected":false},"author":2,"featured_media":0,"parent":0,"menu_order":0,"comment_status":"closed","ping_status":"closed","template":"","meta":{"_uag_custom_page_level_css":"","site-sidebar-layout":"no-sidebar","site-content-layout":"","ast-site-content-layout":"normal-width-container","site-content-style":"unboxed","site-sidebar-style":"unboxed","ast-global-header-display":"","ast-banner-title-visibility":"","ast-main-header-display":"","ast-hfb-above-header-display":"","ast-hfb-below-header-display":"","ast-hfb-mobile-header-display":"","site-post-title":"disabled","ast-breadcrumbs-content":"","ast-featured-img":"","footer-sml-layout":"","ast-disable-related-posts":"","theme-transparent-header-meta":"enabled","adv-header-id-meta":"","stick-header-meta":"","header-above-stick-meta":"","header-main-stick-meta":"","header-below-stick-meta":"","astra-migrate-meta-layouts":"default","ast-page-background-enabled":"default","ast-page-background-meta":{"desktop":{"background-color":"","background-image":"","background-repeat":"repeat","background-position":"center center","background-size":"auto","background-attachment":"scroll","background-type":"","background-media":"","overlay-type":"","overlay-color":"","overlay-opacity":"","overlay-gradient":""},"tablet":{"background-color":"","background-image":"","background-repeat":"repeat","background-position":"center center","background-size":"auto","background-attachment":"scroll","background-type":"","background-media":"","overlay-type":"","overlay-color":"","overlay-opacity":"","overlay-gradient":""},"mobile":{"background-color":"","background-image":"","background-repeat":"repeat","background-position":"center center","background-size":"auto","background-attachment":"scroll","background-type":"","background-media":"","overlay-type":"","overlay-color":"","overlay-opacity":"","overlay-gradient":""}},"ast-content-background-meta":{"desktop":{"background-color":"var(--ast-global-color-5)","background-image":"","background-repeat":"repeat","background-position":"center center","background-size":"auto","background-attachment":"scroll","background-type":"","background-media":"","overlay-type":"","overlay-color":"","overlay-opacity":"","overlay-gradient":""},"tablet":{"background-color":"var(--ast-global-color-5)","background-image":"","background-repeat":"repeat","background-position":"center center","background-size":"auto","background-attachment":"scroll","background-type":"","background-media":"","overlay-type":"","overlay-color":"","overlay-opacity":"","overlay-gradient":""},"mobile":{"background-color":"var(--ast-global-color-5)","background-image":"","background-repeat":"repeat","background-position":"center center","background-size":"auto","background-attachment":"scroll","background-type":"","background-media":"","overlay-type":"","overlay-color":"","overlay-opacity":"","overlay-gradient":""}},"footnotes":""},"class_list":["post-27573","page","type-page","status-publish","hentry"],"yoast_head":"<!-- This site is optimized with the Yoast SEO plugin v27.5 - https:\/\/yoast.com\/product\/yoast-seo-wordpress\/ -->\n<title>Extrait chronologique du registre du commerce - Demande en ligne<\/title>\n<meta name=\"description\" content=\"Extrait chronologique du registre du commerce - Demandez confortablement en ligne. S\u00fbr, rapide et toujours \u00e0 jour. Exp\u00e9dition en quelques minutes.\" \/>\n<meta name=\"robots\" content=\"index, follow, max-snippet:-1, max-image-preview:large, max-video-preview:-1\" \/>\n<link rel=\"canonical\" href=\"https:\/\/zentralregister.eu\/fr\/extrait-chronologique-du-registre-du-commerce\/\" \/>\n<meta property=\"og:locale\" content=\"fr_FR\" \/>\n<meta property=\"og:type\" content=\"article\" \/>\n<meta property=\"og:title\" content=\"Extrait chronologique du registre du commerce - Demande en ligne\" \/>\n<meta property=\"og:description\" content=\"Extrait chronologique du registre du commerce - Demandez confortablement en ligne. S\u00fbr, rapide et toujours \u00e0 jour. Exp\u00e9dition en quelques minutes.\" \/>\n<meta property=\"og:url\" content=\"https:\/\/zentralregister.eu\/fr\/extrait-chronologique-du-registre-du-commerce\/\" \/>\n<meta property=\"og:site_name\" content=\"Zentralregister\" \/>\n<meta property=\"article:modified_time\" content=\"2025-08-04T14:24:04+00:00\" \/>\n<meta name=\"twitter:card\" content=\"summary_large_image\" \/>\n<meta name=\"twitter:label1\" content=\"Dur\u00e9e de lecture estim\u00e9e\" \/>\n\t<meta name=\"twitter:data1\" content=\"3 minutes\" \/>\n<script type=\"application\/ld+json\" class=\"yoast-schema-graph\">{\"@context\":\"https:\\\/\\\/schema.org\",\"@graph\":[{\"@type\":\"WebPage\",\"@id\":\"https:\\\/\\\/zentralregister.eu\\\/fr\\\/extrait-chronologique-du-registre-du-commerce\\\/\",\"url\":\"https:\\\/\\\/zentralregister.eu\\\/fr\\\/extrait-chronologique-du-registre-du-commerce\\\/\",\"name\":\"Extrait chronologique du registre du commerce - Demande en ligne\",\"isPartOf\":{\"@id\":\"https:\\\/\\\/zentralregister.eu\\\/fr\\\/#website\"},\"datePublished\":\"2023-11-10T16:46:40+00:00\",\"dateModified\":\"2025-08-04T14:24:04+00:00\",\"description\":\"Extrait chronologique du registre du commerce - Demandez confortablement en ligne. S\u00fbr, rapide et toujours \u00e0 jour. Exp\u00e9dition en quelques minutes.\",\"breadcrumb\":{\"@id\":\"https:\\\/\\\/zentralregister.eu\\\/fr\\\/extrait-chronologique-du-registre-du-commerce\\\/#breadcrumb\"},\"inLanguage\":\"fr-FR\",\"potentialAction\":[{\"@type\":\"ReadAction\",\"target\":[\"https:\\\/\\\/zentralregister.eu\\\/fr\\\/extrait-chronologique-du-registre-du-commerce\\\/\"]}]},{\"@type\":\"BreadcrumbList\",\"@id\":\"https:\\\/\\\/zentralregister.eu\\\/fr\\\/extrait-chronologique-du-registre-du-commerce\\\/#breadcrumb\",\"itemListElement\":[{\"@type\":\"ListItem\",\"position\":1,\"name\":\"Startseite\",\"item\":\"https:\\\/\\\/zentralregister.eu\\\/fr\\\/\"},{\"@type\":\"ListItem\",\"position\":2,\"name\":\"Extrait chronologique du registre du commerce d&#8217;Allemagne\"}]},{\"@type\":\"WebSite\",\"@id\":\"https:\\\/\\\/zentralregister.eu\\\/fr\\\/#website\",\"url\":\"https:\\\/\\\/zentralregister.eu\\\/fr\\\/\",\"name\":\"Zentralregister\",\"description\":\"\",\"potentialAction\":[{\"@type\":\"SearchAction\",\"target\":{\"@type\":\"EntryPoint\",\"urlTemplate\":\"https:\\\/\\\/zentralregister.eu\\\/fr\\\/?s={search_term_string}\"},\"query-input\":{\"@type\":\"PropertyValueSpecification\",\"valueRequired\":true,\"valueName\":\"search_term_string\"}}],\"inLanguage\":\"fr-FR\"}]}<\/script>\n<!-- \/ Yoast SEO plugin. -->","yoast_head_json":{"title":"Extrait chronologique du registre du commerce - Demande en ligne","description":"Extrait chronologique du registre du commerce - Demandez confortablement en ligne. S\u00fbr, rapide et toujours \u00e0 jour. Exp\u00e9dition en quelques minutes.","robots":{"index":"index","follow":"follow","max-snippet":"max-snippet:-1","max-image-preview":"max-image-preview:large","max-video-preview":"max-video-preview:-1"},"canonical":"https:\/\/zentralregister.eu\/fr\/extrait-chronologique-du-registre-du-commerce\/","og_locale":"fr_FR","og_type":"article","og_title":"Extrait chronologique du registre du commerce - Demande en ligne","og_description":"Extrait chronologique du registre du commerce - Demandez confortablement en ligne. S\u00fbr, rapide et toujours \u00e0 jour. Exp\u00e9dition en quelques minutes.","og_url":"https:\/\/zentralregister.eu\/fr\/extrait-chronologique-du-registre-du-commerce\/","og_site_name":"Zentralregister","article_modified_time":"2025-08-04T14:24:04+00:00","twitter_card":"summary_large_image","twitter_misc":{"Dur\u00e9e de lecture estim\u00e9e":"3 minutes"},"schema":{"@context":"https:\/\/schema.org","@graph":[{"@type":"WebPage","@id":"https:\/\/zentralregister.eu\/fr\/extrait-chronologique-du-registre-du-commerce\/","url":"https:\/\/zentralregister.eu\/fr\/extrait-chronologique-du-registre-du-commerce\/","name":"Extrait chronologique du registre du commerce - Demande en ligne","isPartOf":{"@id":"https:\/\/zentralregister.eu\/fr\/#website"},"datePublished":"2023-11-10T16:46:40+00:00","dateModified":"2025-08-04T14:24:04+00:00","description":"Extrait chronologique du registre du commerce - Demandez confortablement en ligne. S\u00fbr, rapide et toujours \u00e0 jour. Exp\u00e9dition en quelques minutes.","breadcrumb":{"@id":"https:\/\/zentralregister.eu\/fr\/extrait-chronologique-du-registre-du-commerce\/#breadcrumb"},"inLanguage":"fr-FR","potentialAction":[{"@type":"ReadAction","target":["https:\/\/zentralregister.eu\/fr\/extrait-chronologique-du-registre-du-commerce\/"]}]},{"@type":"BreadcrumbList","@id":"https:\/\/zentralregister.eu\/fr\/extrait-chronologique-du-registre-du-commerce\/#breadcrumb","itemListElement":[{"@type":"ListItem","position":1,"name":"Startseite","item":"https:\/\/zentralregister.eu\/fr\/"},{"@type":"ListItem","position":2,"name":"Extrait chronologique du registre du commerce d&#8217;Allemagne"}]},{"@type":"WebSite","@id":"https:\/\/zentralregister.eu\/fr\/#website","url":"https:\/\/zentralregister.eu\/fr\/","name":"Zentralregister","description":"","potentialAction":[{"@type":"SearchAction","target":{"@type":"EntryPoint","urlTemplate":"https:\/\/zentralregister.eu\/fr\/?s={search_term_string}"},"query-input":{"@type":"PropertyValueSpecification","valueRequired":true,"valueName":"search_term_string"}}],"inLanguage":"fr-FR"}]}},"uagb_featured_image_src":{"full":false,"thumbnail":false,"medium":false,"medium_large":false,"large":false,"1536x1536":false,"2048x2048":false,"gform-image-choice-sm":false,"gform-image-choice-md":false,"gform-image-choice-lg":false},"uagb_author_info":{"display_name":"Markus Hemm","author_link":"https:\/\/zentralregister.eu\/fr\/author\/m-hemm\/"},"uagb_comment_info":0,"uagb_excerpt":"Extrait chronologique du registre du commerce d&rsquo;Allemagne Ici, vous pouvez demander en ligne, de mani\u00e8re s\u00fbre, rapide et pratique, votre extrait chronologique du registre du commerce. Demander un extrait du registre du commerce Questions et r\u00e9ponses Nous r\u00e9pondons ici \u00e0 toutes les questions concernant l&rsquo;extrait chronologique du registre du commerce. Qu&rsquo;est-ce qu&rsquo;un extrait chronologique du\u2026","_links":{"self":[{"href":"https:\/\/zentralregister.eu\/fr\/wp-json\/wp\/v2\/pages\/27573","targetHints":{"allow":["GET"]}}],"collection":[{"href":"https:\/\/zentralregister.eu\/fr\/wp-json\/wp\/v2\/pages"}],"about":[{"href":"https:\/\/zentralregister.eu\/fr\/wp-json\/wp\/v2\/types\/page"}],"author":[{"embeddable":true,"href":"https:\/\/zentralregister.eu\/fr\/wp-json\/wp\/v2\/users\/2"}],"replies":[{"embeddable":true,"href":"https:\/\/zentralregister.eu\/fr\/wp-json\/wp\/v2\/comments?post=27573"}],"version-history":[{"count":4,"href":"https:\/\/zentralregister.eu\/fr\/wp-json\/wp\/v2\/pages\/27573\/revisions"}],"predecessor-version":[{"id":27670,"href":"https:\/\/zentralregister.eu\/fr\/wp-json\/wp\/v2\/pages\/27573\/revisions\/27670"}],"wp:attachment":[{"href":"https:\/\/zentralregister.eu\/fr\/wp-json\/wp\/v2\/media?parent=27573"}],"curies":[{"name":"wp","href":"https:\/\/api.w.org\/{rel}","templated":true}]}}