{"id":27584,"date":"2023-11-11T17:20:44","date_gmt":"2023-11-11T16:20:44","guid":{"rendered":"https:\/\/zentralregister.eu\/extrait-du-registre-des-partenaires\/"},"modified":"2025-08-04T16:43:09","modified_gmt":"2025-08-04T14:43:09","slug":"extrait-du-registre-des-partenaires","status":"publish","type":"page","link":"https:\/\/zentralregister.eu\/fr\/extrait-du-registre-des-partenaires\/","title":{"rendered":"Extrait du registre des partenaires"},"content":{"rendered":"\n<div class=\"wp-block-uagb-container uagb-block-781d0069 alignfull uagb-is-root-container\"><div class=\"uagb-container-inner-blocks-wrap\">\n<div class=\"wp-block-uagb-advanced-heading uagb-block-b431268e\"><h1 class=\"uagb-heading-text\">Demande d&rsquo;extrait du registre des partenaires en ligne<\/h1><p class=\"uagb-desc-text\">Ici, vous pouvez demander en ligne, de mani\u00e8re s\u00fbre, rapide et pratique, votre extrait actuel du registre des partenariats.<\/p><\/div>\n<\/div><\/div>\n\n<div class=\"wp-block-uagb-container uagb-block-85d6f8d2 alignfull uagb-is-root-container\"><div class=\"uagb-container-inner-blocks-wrap\">\n<div class=\"wp-block-uagb-advanced-heading uagb-block-abad1304\"><h2 class=\"uagb-heading-text\">Demande d&rsquo;extrait du registre des partenaires en ligne<\/h2><\/div>\n<\/div><\/div>\n\n<div id=\"app\"><\/div>\r\n\n\n<div class=\"wp-block-uagb-container uagb-block-f429424d alignfull uagb-is-root-container\"><div class=\"uagb-container-inner-blocks-wrap\">\n<div class=\"wp-block-uagb-advanced-heading uagb-block-346c0397\"><h2 class=\"uagb-heading-text\">Questions et r\u00e9ponses<\/h2><p class=\"uagb-desc-text\">Nous r\u00e9pondons ici \u00e0 toutes les questions concernant l&rsquo;extrait du registre des partenariats. Qu&rsquo;est-ce qu&rsquo;un extrait du registre des partenariats et quels sont les diff\u00e9rents types d&rsquo;extraits du registre des partenariats ? O\u00f9 peut-on en faire la demande et combien co\u00fbte un extrait du registre des partenariats ? Peut-on en faire la demande en ligne ou uniquement par courrier ?<\/p><\/div>\n\n\n\n<div class=\"wp-block-uagb-container uagb-block-451622b8 alignfull uagb-is-root-container\"><div class=\"uagb-container-inner-blocks-wrap\">\n<div class=\"wp-block-uagb-container uagb-block-4a695ff3\"><div class=\"wp-block-uagb-faq uagb-faq__outer-wrap uagb-block-85eea3e9 uagb-faq-icon-row-reverse uagb-faq-layout-accordion uagb-faq-expand-first-false uagb-faq-inactive-other-true uagb-faq__wrap uagb-buttons-layout-wrap uagb-faq-equal-height     \" data-faqtoggle=\"true\" role=\"tablist\"><div class=\"wp-block-uagb-faq-child uagb-faq-child__outer-wrap uagb-faq-item uagb-block-9b1f25eb \" role=\"tab\" tabindex=\"0\"><div class=\"uagb-faq-questions-button uagb-faq-questions\">\t\t\t<span class=\"uagb-icon uagb-faq-icon-wrap\">\n\t\t\t\t\t\t\t\t<svg xmlns=\"https:\/\/www.w3.org\/2000\/svg\" viewBox= \"0 0 256 512\"><path d=\"M118.6 105.4l128 127.1C252.9 239.6 256 247.8 256 255.1s-3.125 16.38-9.375 22.63l-128 127.1c-9.156 9.156-22.91 11.9-34.88 6.943S64 396.9 64 383.1V128c0-12.94 7.781-24.62 19.75-29.58S109.5 96.23 118.6 105.4z\"><\/path><\/svg>\n\t\t\t\t\t\t\t<\/span>\n\t\t\t\t\t\t<span class=\"uagb-icon-active uagb-faq-icon-wrap\">\n\t\t\t\t\t\t\t\t<svg xmlns=\"https:\/\/www.w3.org\/2000\/svg\" viewBox= \"0 0 320 512\"><path d=\"M310.6 246.6l-127.1 128C176.4 380.9 168.2 384 160 384s-16.38-3.125-22.63-9.375l-127.1-128C.2244 237.5-2.516 223.7 2.438 211.8S19.07 192 32 192h255.1c12.94 0 24.62 7.781 29.58 19.75S319.8 237.5 310.6 246.6z\"><\/path><\/svg>\n\t\t\t\t\t\t\t<\/span>\n\t\t\t<h3 class=\"uagb-question\">Qu&rsquo;est-ce qu&rsquo;un registre de partenariat ?<\/h3><\/div><div class=\"uagb-faq-content\"><p>Le registre des partenariats fait r\u00e9f\u00e9rence au registre dans lequel sont enregistr\u00e9es les informations relatives aux soci\u00e9t\u00e9s de partenariat enregistr\u00e9es. Une soci\u00e9t\u00e9 de personnes est une forme juridique sp\u00e9ciale pour les entreprises, dans laquelle les partenaires sont personnellement et directement responsables des obligations de la soci\u00e9t\u00e9.<br><br>En Allemagne, la soci\u00e9t\u00e9 de partenariat est une forme juridique pour les professions lib\u00e9rales telles que les avocats, les m\u00e9decins, les conseillers fiscaux et autres groupes professionnels similaires. Cette forme de soci\u00e9t\u00e9 est inscrite au registre des partenariats. L&rsquo;enregistrement permet \u00e0 la soci\u00e9t\u00e9 de personnes d&rsquo;agir en tant que personne morale et offre certains avantages juridiques aux partenaires impliqu\u00e9s.<br><br>Les informations contenues dans le registre des partenariats peuvent varier en fonction de la l\u00e9gislation de chaque pays. En Allemagne, il existe toutefois quelques informations g\u00e9n\u00e9rales qui sont consign\u00e9es dans le registre des partenariats :<br><br><strong>1. nom et si\u00e8ge de la soci\u00e9t\u00e9 de personnes :<\/strong> le nom officiel de la soci\u00e9t\u00e9 de personnes ainsi que le lieu o\u00f9 elle a son si\u00e8ge.<br><strong>2. associ\u00e9s :<\/strong> les noms et, le cas \u00e9ch\u00e9ant, les adresses des associ\u00e9s de la soci\u00e9t\u00e9 en nom collectif.<br><strong>3. Actionnaires autoris\u00e9s \u00e0 repr\u00e9senter :<\/strong> Informations sur les actionnaires autoris\u00e9s \u00e0 repr\u00e9senter la soci\u00e9t\u00e9 en soci\u00e9t\u00e9 \u00e0 l&rsquo;ext\u00e9rieur.<br><strong>4. objet de l&rsquo;entreprise :<\/strong> une description des activit\u00e9s ou des services offerts par la soci\u00e9t\u00e9 de personnes<br><strong>5) la date d&rsquo;enregistrement :<\/strong> La date \u00e0 laquelle la soci\u00e9t\u00e9 en nom collectif a \u00e9t\u00e9 inscrite au registre des soci\u00e9t\u00e9s en nom collectif.<br><br>L&rsquo;inscription au registre des partenariats a plusieurs cons\u00e9quences juridiques, y compris la capacit\u00e9 juridique de la soci\u00e9t\u00e9 de partenariat et la responsabilit\u00e9 personnelle des associ\u00e9s. Il permet \u00e9galement de b\u00e9n\u00e9ficier des r\u00e8gles fiscales particuli\u00e8res applicables aux soci\u00e9t\u00e9s de partenariat en Allemagne. Il est important de noter que les r\u00e8gles exactes et l&rsquo;existence d&rsquo;un registre des partenariats peuvent varier d&rsquo;un pays \u00e0 l&rsquo;autre.<\/p><\/div><\/div><div class=\"wp-block-uagb-faq-child uagb-faq-child__outer-wrap uagb-faq-item uagb-block-38c3fbc2 \" role=\"tab\" tabindex=\"0\"><div class=\"uagb-faq-questions-button uagb-faq-questions\">\t\t\t<span class=\"uagb-icon uagb-faq-icon-wrap\">\n\t\t\t\t\t\t\t\t<svg xmlns=\"https:\/\/www.w3.org\/2000\/svg\" viewBox= \"0 0 256 512\"><path d=\"M118.6 105.4l128 127.1C252.9 239.6 256 247.8 256 255.1s-3.125 16.38-9.375 22.63l-128 127.1c-9.156 9.156-22.91 11.9-34.88 6.943S64 396.9 64 383.1V128c0-12.94 7.781-24.62 19.75-29.58S109.5 96.23 118.6 105.4z\"><\/path><\/svg>\n\t\t\t\t\t\t\t<\/span>\n\t\t\t\t\t\t<span class=\"uagb-icon-active uagb-faq-icon-wrap\">\n\t\t\t\t\t\t\t\t<svg xmlns=\"https:\/\/www.w3.org\/2000\/svg\" viewBox= \"0 0 320 512\"><path d=\"M310.6 246.6l-127.1 128C176.4 380.9 168.2 384 160 384s-16.38-3.125-22.63-9.375l-127.1-128C.2244 237.5-2.516 223.7 2.438 211.8S19.07 192 32 192h255.1c12.94 0 24.62 7.781 29.58 19.75S319.8 237.5 310.6 246.6z\"><\/path><\/svg>\n\t\t\t\t\t\t\t<\/span>\n\t\t\t<h3 class=\"uagb-question\">Quel est l&rsquo;objectif d&rsquo;un registre des partenariats ?<\/h3><\/div><div class=\"uagb-faq-content\"><p>Le registre des partenariats remplit plusieurs objectifs importants en ce qui concerne les soci\u00e9t\u00e9s de personnes. Voici quelques-uns des principaux objectifs:<br><br><strong>1) Reconnaissance juridique et capacit\u00e9 juridique :<\/strong> l&rsquo;inscription au registre des partenariats conf\u00e8re la capacit\u00e9 juridique \u00e0 la soci\u00e9t\u00e9 de partenariat. Cela signifie que la soci\u00e9t\u00e9 est consid\u00e9r\u00e9e comme une personne morale \u00e0 part enti\u00e8re, ce qui lui conf\u00e8re certains droits et obligations. Cela cr\u00e9e une s\u00e9curit\u00e9 juridique et permet \u00e0 la soci\u00e9t\u00e9 de partenariat d&rsquo;agir en tant qu&rsquo;entit\u00e9 ind\u00e9pendante.<br><strong>2) Preuve de l&rsquo;existence :<\/strong> l&rsquo;extrait du registre des partenariats sert de preuve officielle de l&rsquo;existence et de l&rsquo;enregistrement de la soci\u00e9t\u00e9 de partenariat. C&rsquo;est important pour diverses questions juridiques et commerciales, y compris la conclusion de contrats, les op\u00e9rations bancaires et autres transactions.<br><strong>3) Transparence et information :<\/strong> le registre des partenariats offre une transparence sur la structure de la soci\u00e9t\u00e9 de partenariat. Des informations telles que le nom de la soci\u00e9t\u00e9, les associ\u00e9s, l&rsquo;objet de l&rsquo;entreprise et d&rsquo;autres d\u00e9tails pertinents sont accessibles au public et peuvent \u00eatre consult\u00e9es par les personnes int\u00e9ress\u00e9es.<br><strong>4. limitation de la responsabilit\u00e9 :<\/strong> l&rsquo;inscription au registre des partenariats a des cons\u00e9quences sur la responsabilit\u00e9 des associ\u00e9s. En r\u00e8gle g\u00e9n\u00e9rale, les associ\u00e9s sont personnellement et directement responsables des obligations de la soci\u00e9t\u00e9 de personnes. La responsabilit\u00e9 peut toutefois \u00eatre limit\u00e9e aux actifs de la soci\u00e9t\u00e9, ce qui offre une certaine protection pour les biens personnels des associ\u00e9s.<br><strong>5. reconnaissance fiscale :<\/strong> l&rsquo;inscription au registre des soci\u00e9t\u00e9s de personnes est souvent une condition pr\u00e9alable \u00e0 la reconnaissance fiscale de la soci\u00e9t\u00e9 de personnes. Cela peut avoir des cons\u00e9quences sur l&rsquo;imposition de la soci\u00e9t\u00e9 et de ses associ\u00e9s.<br><br>Globalement, le registre des partenariats contribue \u00e0 garantir la s\u00e9curit\u00e9 juridique, la transparence et la fonctionnalit\u00e9 des soci\u00e9t\u00e9s de partenariat. Il facilite les activit\u00e9s commerciales et offre aux associ\u00e9s un cadre juridique clair.<\/p><\/div><\/div><div class=\"wp-block-uagb-faq-child uagb-faq-child__outer-wrap uagb-faq-item uagb-block-7b01ceeb \" role=\"tab\" tabindex=\"0\"><div class=\"uagb-faq-questions-button uagb-faq-questions\">\t\t\t<span class=\"uagb-icon uagb-faq-icon-wrap\">\n\t\t\t\t\t\t\t\t<svg xmlns=\"https:\/\/www.w3.org\/2000\/svg\" viewBox= \"0 0 256 512\"><path d=\"M118.6 105.4l128 127.1C252.9 239.6 256 247.8 256 255.1s-3.125 16.38-9.375 22.63l-128 127.1c-9.156 9.156-22.91 11.9-34.88 6.943S64 396.9 64 383.1V128c0-12.94 7.781-24.62 19.75-29.58S109.5 96.23 118.6 105.4z\"><\/path><\/svg>\n\t\t\t\t\t\t\t<\/span>\n\t\t\t\t\t\t<span class=\"uagb-icon-active uagb-faq-icon-wrap\">\n\t\t\t\t\t\t\t\t<svg xmlns=\"https:\/\/www.w3.org\/2000\/svg\" viewBox= \"0 0 320 512\"><path d=\"M310.6 246.6l-127.1 128C176.4 380.9 168.2 384 160 384s-16.38-3.125-22.63-9.375l-127.1-128C.2244 237.5-2.516 223.7 2.438 211.8S19.07 192 32 192h255.1c12.94 0 24.62 7.781 29.58 19.75S319.8 237.5 310.6 246.6z\"><\/path><\/svg>\n\t\t\t\t\t\t\t<\/span>\n\t\t\t<h3 class=\"uagb-question\">Qu&rsquo;est-ce qu&rsquo;un extrait du registre des partenariats ?<\/h3><\/div><div class=\"uagb-faq-content\"><p>Un extrait du registre des partenariats est un extrait officiel du registre des partenariats qui contient des informations sur une soci\u00e9t\u00e9 de partenariat enregistr\u00e9e. La soci\u00e9t\u00e9 de partenariat est une forme juridique pr\u00e9vue notamment pour les professions lib\u00e9rales telles que les avocats, les m\u00e9decins, les conseillers fiscaux et autres professions similaires dans certains pays, comme l&rsquo;Allemagne.<\/p><\/div><\/div><div class=\"wp-block-uagb-faq-child uagb-faq-child__outer-wrap uagb-faq-item uagb-block-c27777d1 \" role=\"tab\" tabindex=\"0\"><div class=\"uagb-faq-questions-button uagb-faq-questions\">\t\t\t<span class=\"uagb-icon uagb-faq-icon-wrap\">\n\t\t\t\t\t\t\t\t<svg xmlns=\"https:\/\/www.w3.org\/2000\/svg\" viewBox= \"0 0 256 512\"><path d=\"M118.6 105.4l128 127.1C252.9 239.6 256 247.8 256 255.1s-3.125 16.38-9.375 22.63l-128 127.1c-9.156 9.156-22.91 11.9-34.88 6.943S64 396.9 64 383.1V128c0-12.94 7.781-24.62 19.75-29.58S109.5 96.23 118.6 105.4z\"><\/path><\/svg>\n\t\t\t\t\t\t\t<\/span>\n\t\t\t\t\t\t<span class=\"uagb-icon-active uagb-faq-icon-wrap\">\n\t\t\t\t\t\t\t\t<svg xmlns=\"https:\/\/www.w3.org\/2000\/svg\" viewBox= \"0 0 320 512\"><path d=\"M310.6 246.6l-127.1 128C176.4 380.9 168.2 384 160 384s-16.38-3.125-22.63-9.375l-127.1-128C.2244 237.5-2.516 223.7 2.438 211.8S19.07 192 32 192h255.1c12.94 0 24.62 7.781 29.58 19.75S319.8 237.5 310.6 246.6z\"><\/path><\/svg>\n\t\t\t\t\t\t\t<\/span>\n\t\t\t<h3 class=\"uagb-question\">Quel est l&rsquo;objectif d&rsquo;un extrait du registre des partenaires ?<\/h3><\/div><div class=\"uagb-faq-content\"><p>L&rsquo;extrait du registre des partenariats sert \u00e0 diff\u00e9rentes fins, notamment \u00e0 :<br><br><strong>1) Preuve de l&rsquo;existence et de la capacit\u00e9 juridique :<\/strong> en tant que document officiel, l&rsquo;extrait confirme que la soci\u00e9t\u00e9 de personnes est inscrite au registre des soci\u00e9t\u00e9s de personnes et qu&rsquo;elle a donc la capacit\u00e9 juridique.<br><strong>2. la transparence et l&rsquo;information :<\/strong> l&rsquo;extrait offre une transparence sur la structure de la soci\u00e9t\u00e9 de personnes, ses associ\u00e9s et d&rsquo;autres d\u00e9tails importants. Les personnes int\u00e9ress\u00e9es peuvent consulter cet extrait afin d&rsquo;obtenir des informations sur la soci\u00e9t\u00e9.<br><strong>3. transactions commerciales et juridiques :<\/strong> Lors de diverses transactions commerciales, de la conclusion de contrats ou de d\u00e9marches administratives, un extrait du registre des partenariats peut \u00eatre demand\u00e9 afin de v\u00e9rifier la base juridique et la l\u00e9gitimit\u00e9 de la soci\u00e9t\u00e9 de partenariat.<br><br>Les exigences exactes et l&rsquo;acc\u00e8s aux extraits du registre des partenariats peuvent varier d&rsquo;un pays \u00e0 l&rsquo;autre, en fonction de la l\u00e9gislation et de la r\u00e9glementation en vigueur.<\/p><\/div><\/div><div class=\"wp-block-uagb-faq-child uagb-faq-child__outer-wrap uagb-faq-item uagb-block-88308589 \" role=\"tab\" tabindex=\"0\"><div class=\"uagb-faq-questions-button uagb-faq-questions\">\t\t\t<span class=\"uagb-icon uagb-faq-icon-wrap\">\n\t\t\t\t\t\t\t\t<svg xmlns=\"https:\/\/www.w3.org\/2000\/svg\" viewBox= \"0 0 256 512\"><path d=\"M118.6 105.4l128 127.1C252.9 239.6 256 247.8 256 255.1s-3.125 16.38-9.375 22.63l-128 127.1c-9.156 9.156-22.91 11.9-34.88 6.943S64 396.9 64 383.1V128c0-12.94 7.781-24.62 19.75-29.58S109.5 96.23 118.6 105.4z\"><\/path><\/svg>\n\t\t\t\t\t\t\t<\/span>\n\t\t\t\t\t\t<span class=\"uagb-icon-active uagb-faq-icon-wrap\">\n\t\t\t\t\t\t\t\t<svg xmlns=\"https:\/\/www.w3.org\/2000\/svg\" viewBox= \"0 0 320 512\"><path d=\"M310.6 246.6l-127.1 128C176.4 380.9 168.2 384 160 384s-16.38-3.125-22.63-9.375l-127.1-128C.2244 237.5-2.516 223.7 2.438 211.8S19.07 192 32 192h255.1c12.94 0 24.62 7.781 29.58 19.75S319.8 237.5 310.6 246.6z\"><\/path><\/svg>\n\t\t\t\t\t\t\t<\/span>\n\t\t\t<h3 class=\"uagb-question\">Quelles informations contient un extrait du registre des partenariats ?  <\/h3><\/div><div class=\"uagb-faq-content\"><p>L&rsquo;extrait du registre des soci\u00e9t\u00e9s contient g\u00e9n\u00e9ralement les informations suivantes :<br><br><strong>1. D\u00e9nomination sociale et si\u00e8ge social de la soci\u00e9t\u00e9 :<\/strong> la d\u00e9nomination sociale officielle de la soci\u00e9t\u00e9 et le lieu o\u00f9 elle est immatricul\u00e9e.<br><strong>2. Associ\u00e9s :<\/strong> les noms et, le cas \u00e9ch\u00e9ant, les adresses des associ\u00e9s.<br><strong>3. Repr\u00e9sentants autoris\u00e9s :<\/strong> les informations concernant les associ\u00e9s autoris\u00e9s \u00e0 repr\u00e9senter la soci\u00e9t\u00e9 \u00e0 l&rsquo;ext\u00e9rieur.<br><strong>4. Objet social :<\/strong> une description des activit\u00e9s ou des services propos\u00e9s par la soci\u00e9t\u00e9.<br><strong>5. Date d&rsquo;immatriculation :<\/strong> la date d&rsquo;inscription de la soci\u00e9t\u00e9 au registre des soci\u00e9t\u00e9s.<\/p><\/div><\/div><\/div><\/div>\n<\/div><\/div>\n<\/div><\/div>\n","protected":false},"excerpt":{"rendered":"<p>Demande d&rsquo;extrait du registre des partenaires en ligne Ici, vous pouvez demander en ligne, de mani\u00e8re s\u00fbre, rapide et pratique, votre extrait actuel du registre des partenariats. Demande d&rsquo;extrait du registre des partenaires en ligne Questions et r\u00e9ponses Nous r\u00e9pondons ici \u00e0 toutes les questions concernant l&rsquo;extrait du registre des partenariats. Qu&rsquo;est-ce qu&rsquo;un extrait du [&hellip;]<\/p>\n","protected":false},"author":2,"featured_media":0,"parent":0,"menu_order":0,"comment_status":"closed","ping_status":"closed","template":"","meta":{"_uag_custom_page_level_css":"","site-sidebar-layout":"no-sidebar","site-content-layout":"","ast-site-content-layout":"normal-width-container","site-content-style":"unboxed","site-sidebar-style":"unboxed","ast-global-header-display":"","ast-banner-title-visibility":"","ast-main-header-display":"","ast-hfb-above-header-display":"","ast-hfb-below-header-display":"","ast-hfb-mobile-header-display":"","site-post-title":"disabled","ast-breadcrumbs-content":"","ast-featured-img":"","footer-sml-layout":"","ast-disable-related-posts":"","theme-transparent-header-meta":"enabled","adv-header-id-meta":"","stick-header-meta":"","header-above-stick-meta":"","header-main-stick-meta":"","header-below-stick-meta":"","astra-migrate-meta-layouts":"default","ast-page-background-enabled":"default","ast-page-background-meta":{"desktop":{"background-color":"","background-image":"","background-repeat":"repeat","background-position":"center center","background-size":"auto","background-attachment":"scroll","background-type":"","background-media":"","overlay-type":"","overlay-color":"","overlay-opacity":"","overlay-gradient":""},"tablet":{"background-color":"","background-image":"","background-repeat":"repeat","background-position":"center center","background-size":"auto","background-attachment":"scroll","background-type":"","background-media":"","overlay-type":"","overlay-color":"","overlay-opacity":"","overlay-gradient":""},"mobile":{"background-color":"","background-image":"","background-repeat":"repeat","background-position":"center center","background-size":"auto","background-attachment":"scroll","background-type":"","background-media":"","overlay-type":"","overlay-color":"","overlay-opacity":"","overlay-gradient":""}},"ast-content-background-meta":{"desktop":{"background-color":"var(--ast-global-color-5)","background-image":"","background-repeat":"repeat","background-position":"center center","background-size":"auto","background-attachment":"scroll","background-type":"","background-media":"","overlay-type":"","overlay-color":"","overlay-opacity":"","overlay-gradient":""},"tablet":{"background-color":"var(--ast-global-color-5)","background-image":"","background-repeat":"repeat","background-position":"center center","background-size":"auto","background-attachment":"scroll","background-type":"","background-media":"","overlay-type":"","overlay-color":"","overlay-opacity":"","overlay-gradient":""},"mobile":{"background-color":"var(--ast-global-color-5)","background-image":"","background-repeat":"repeat","background-position":"center center","background-size":"auto","background-attachment":"scroll","background-type":"","background-media":"","overlay-type":"","overlay-color":"","overlay-opacity":"","overlay-gradient":""}},"footnotes":""},"class_list":["post-27584","page","type-page","status-publish","hentry"],"yoast_head":"<!-- This site is optimized with the Yoast SEO plugin v27.5 - https:\/\/yoast.com\/product\/yoast-seo-wordpress\/ -->\n<title>Demande d&#039;extrait du registre des partenaires en ligne<\/title>\n<meta name=\"description\" content=\"Demandez un extrait du registre des partenaires en ligne \u00e0 partir de 9,99,-\u20ac en format PDF par e-mail. Envoi automatis\u00e9 tous les trois \u00e0 six mois.\" \/>\n<meta name=\"robots\" content=\"index, follow, max-snippet:-1, max-image-preview:large, max-video-preview:-1\" \/>\n<link rel=\"canonical\" href=\"https:\/\/zentralregister.eu\/fr\/extrait-du-registre-des-partenaires\/\" \/>\n<meta property=\"og:locale\" content=\"fr_FR\" \/>\n<meta property=\"og:type\" content=\"article\" \/>\n<meta property=\"og:title\" content=\"Demande d&#039;extrait du registre des partenaires en ligne\" \/>\n<meta property=\"og:description\" content=\"Demandez un extrait du registre des partenaires en ligne \u00e0 partir de 9,99,-\u20ac en format PDF par e-mail. Envoi automatis\u00e9 tous les trois \u00e0 six mois.\" \/>\n<meta property=\"og:url\" content=\"https:\/\/zentralregister.eu\/fr\/extrait-du-registre-des-partenaires\/\" \/>\n<meta property=\"og:site_name\" content=\"Zentralregister\" \/>\n<meta property=\"article:modified_time\" content=\"2025-08-04T14:43:09+00:00\" \/>\n<meta name=\"twitter:card\" content=\"summary_large_image\" \/>\n<meta name=\"twitter:label1\" content=\"Dur\u00e9e de lecture estim\u00e9e\" \/>\n\t<meta name=\"twitter:data1\" content=\"4 minutes\" \/>\n<script type=\"application\/ld+json\" class=\"yoast-schema-graph\">{\"@context\":\"https:\\\/\\\/schema.org\",\"@graph\":[{\"@type\":\"WebPage\",\"@id\":\"https:\\\/\\\/zentralregister.eu\\\/fr\\\/extrait-du-registre-des-partenaires\\\/\",\"url\":\"https:\\\/\\\/zentralregister.eu\\\/fr\\\/extrait-du-registre-des-partenaires\\\/\",\"name\":\"Demande d'extrait du registre des partenaires en ligne\",\"isPartOf\":{\"@id\":\"https:\\\/\\\/zentralregister.eu\\\/fr\\\/#website\"},\"datePublished\":\"2023-11-11T16:20:44+00:00\",\"dateModified\":\"2025-08-04T14:43:09+00:00\",\"description\":\"Demandez un extrait du registre des partenaires en ligne \u00e0 partir de 9,99,-\u20ac en format PDF par e-mail. Envoi automatis\u00e9 tous les trois \u00e0 six mois.\",\"breadcrumb\":{\"@id\":\"https:\\\/\\\/zentralregister.eu\\\/fr\\\/extrait-du-registre-des-partenaires\\\/#breadcrumb\"},\"inLanguage\":\"fr-FR\",\"potentialAction\":[{\"@type\":\"ReadAction\",\"target\":[\"https:\\\/\\\/zentralregister.eu\\\/fr\\\/extrait-du-registre-des-partenaires\\\/\"]}]},{\"@type\":\"BreadcrumbList\",\"@id\":\"https:\\\/\\\/zentralregister.eu\\\/fr\\\/extrait-du-registre-des-partenaires\\\/#breadcrumb\",\"itemListElement\":[{\"@type\":\"ListItem\",\"position\":1,\"name\":\"Startseite\",\"item\":\"https:\\\/\\\/zentralregister.eu\\\/fr\\\/\"},{\"@type\":\"ListItem\",\"position\":2,\"name\":\"Extrait du registre des partenaires\"}]},{\"@type\":\"WebSite\",\"@id\":\"https:\\\/\\\/zentralregister.eu\\\/fr\\\/#website\",\"url\":\"https:\\\/\\\/zentralregister.eu\\\/fr\\\/\",\"name\":\"Zentralregister\",\"description\":\"\",\"potentialAction\":[{\"@type\":\"SearchAction\",\"target\":{\"@type\":\"EntryPoint\",\"urlTemplate\":\"https:\\\/\\\/zentralregister.eu\\\/fr\\\/?s={search_term_string}\"},\"query-input\":{\"@type\":\"PropertyValueSpecification\",\"valueRequired\":true,\"valueName\":\"search_term_string\"}}],\"inLanguage\":\"fr-FR\"}]}<\/script>\n<!-- \/ Yoast SEO plugin. -->","yoast_head_json":{"title":"Demande d'extrait du registre des partenaires en ligne","description":"Demandez un extrait du registre des partenaires en ligne \u00e0 partir de 9,99,-\u20ac en format PDF par e-mail. Envoi automatis\u00e9 tous les trois \u00e0 six mois.","robots":{"index":"index","follow":"follow","max-snippet":"max-snippet:-1","max-image-preview":"max-image-preview:large","max-video-preview":"max-video-preview:-1"},"canonical":"https:\/\/zentralregister.eu\/fr\/extrait-du-registre-des-partenaires\/","og_locale":"fr_FR","og_type":"article","og_title":"Demande d'extrait du registre des partenaires en ligne","og_description":"Demandez un extrait du registre des partenaires en ligne \u00e0 partir de 9,99,-\u20ac en format PDF par e-mail. Envoi automatis\u00e9 tous les trois \u00e0 six mois.","og_url":"https:\/\/zentralregister.eu\/fr\/extrait-du-registre-des-partenaires\/","og_site_name":"Zentralregister","article_modified_time":"2025-08-04T14:43:09+00:00","twitter_card":"summary_large_image","twitter_misc":{"Dur\u00e9e de lecture estim\u00e9e":"4 minutes"},"schema":{"@context":"https:\/\/schema.org","@graph":[{"@type":"WebPage","@id":"https:\/\/zentralregister.eu\/fr\/extrait-du-registre-des-partenaires\/","url":"https:\/\/zentralregister.eu\/fr\/extrait-du-registre-des-partenaires\/","name":"Demande d'extrait du registre des partenaires en ligne","isPartOf":{"@id":"https:\/\/zentralregister.eu\/fr\/#website"},"datePublished":"2023-11-11T16:20:44+00:00","dateModified":"2025-08-04T14:43:09+00:00","description":"Demandez un extrait du registre des partenaires en ligne \u00e0 partir de 9,99,-\u20ac en format PDF par e-mail. Envoi automatis\u00e9 tous les trois \u00e0 six mois.","breadcrumb":{"@id":"https:\/\/zentralregister.eu\/fr\/extrait-du-registre-des-partenaires\/#breadcrumb"},"inLanguage":"fr-FR","potentialAction":[{"@type":"ReadAction","target":["https:\/\/zentralregister.eu\/fr\/extrait-du-registre-des-partenaires\/"]}]},{"@type":"BreadcrumbList","@id":"https:\/\/zentralregister.eu\/fr\/extrait-du-registre-des-partenaires\/#breadcrumb","itemListElement":[{"@type":"ListItem","position":1,"name":"Startseite","item":"https:\/\/zentralregister.eu\/fr\/"},{"@type":"ListItem","position":2,"name":"Extrait du registre des partenaires"}]},{"@type":"WebSite","@id":"https:\/\/zentralregister.eu\/fr\/#website","url":"https:\/\/zentralregister.eu\/fr\/","name":"Zentralregister","description":"","potentialAction":[{"@type":"SearchAction","target":{"@type":"EntryPoint","urlTemplate":"https:\/\/zentralregister.eu\/fr\/?s={search_term_string}"},"query-input":{"@type":"PropertyValueSpecification","valueRequired":true,"valueName":"search_term_string"}}],"inLanguage":"fr-FR"}]}},"uagb_featured_image_src":{"full":false,"thumbnail":false,"medium":false,"medium_large":false,"large":false,"1536x1536":false,"2048x2048":false,"gform-image-choice-sm":false,"gform-image-choice-md":false,"gform-image-choice-lg":false},"uagb_author_info":{"display_name":"Markus Hemm","author_link":"https:\/\/zentralregister.eu\/fr\/author\/m-hemm\/"},"uagb_comment_info":0,"uagb_excerpt":"Demande d&rsquo;extrait du registre des partenaires en ligne Ici, vous pouvez demander en ligne, de mani\u00e8re s\u00fbre, rapide et pratique, votre extrait actuel du registre des partenariats. Demande d&rsquo;extrait du registre des partenaires en ligne Questions et r\u00e9ponses Nous r\u00e9pondons ici \u00e0 toutes les questions concernant l&rsquo;extrait du registre des partenariats. Qu&rsquo;est-ce qu&rsquo;un extrait du\u2026","_links":{"self":[{"href":"https:\/\/zentralregister.eu\/fr\/wp-json\/wp\/v2\/pages\/27584","targetHints":{"allow":["GET"]}}],"collection":[{"href":"https:\/\/zentralregister.eu\/fr\/wp-json\/wp\/v2\/pages"}],"about":[{"href":"https:\/\/zentralregister.eu\/fr\/wp-json\/wp\/v2\/types\/page"}],"author":[{"embeddable":true,"href":"https:\/\/zentralregister.eu\/fr\/wp-json\/wp\/v2\/users\/2"}],"replies":[{"embeddable":true,"href":"https:\/\/zentralregister.eu\/fr\/wp-json\/wp\/v2\/comments?post=27584"}],"version-history":[{"count":9,"href":"https:\/\/zentralregister.eu\/fr\/wp-json\/wp\/v2\/pages\/27584\/revisions"}],"predecessor-version":[{"id":27683,"href":"https:\/\/zentralregister.eu\/fr\/wp-json\/wp\/v2\/pages\/27584\/revisions\/27683"}],"wp:attachment":[{"href":"https:\/\/zentralregister.eu\/fr\/wp-json\/wp\/v2\/media?parent=27584"}],"curies":[{"name":"wp","href":"https:\/\/api.w.org\/{rel}","templated":true}]}}